{"id":9396,"date":"2021-12-05T00:09:06","date_gmt":"2021-12-05T00:09:06","guid":{"rendered":"https:\/\/dev.chrysielaia.com\/o-nas\/"},"modified":"2026-04-23T17:19:28","modified_gmt":"2026-04-23T17:19:28","slug":"o-nas","status":"publish","type":"page","link":"https:\/\/chrysielaia.com\/pl\/o-nas\/","title":{"rendered":"O nas"},"content":{"rendered":"\t\t<div data-elementor-type=\"wp-page\" data-elementor-id=\"9396\" class=\"elementor elementor-9396 elementor-287\">\n\t\t\t\t<div class=\"elementor-element elementor-element-248c68d e-con-full e-flex e-con e-parent\" data-id=\"248c68d\" data-element_type=\"container\">\n\t\t\t\t<div class=\"elementor-element elementor-element-6403a46 elementor-widget elementor-widget-kinsley-intro\" data-id=\"6403a46\" data-element_type=\"widget\" data-widget_type=\"kinsley-intro.default\">\n\t\t\t\t<div class=\"elementor-widget-container\">\n\t\t\t\t\t\n    <!-- banner -->\n    <section class=\"knsl-banner-simple knsl-transition-bottom knsl-banner-white\">\n      \t\t\t\t\n\t\t\n\t  \t  <div class=\"knsl-cover-frame\">\n\t\t\t\t\t\t<div style=\"background-image: url('https:\/\/chrysielaia.com\/wp-content\/uploads\/2026\/01\/render-1-3-1-1920x1280.jpg');\" class=\"knsl-parallax knsl-banner-slide\"><\/div>\n\t\t\t\t\t\t\t\t\t  <\/div>\n\t  <div class=\"knsl-overlay\" style=\"opacity: 0.5;\"><\/div>\n\t  \n      <div class=\"container\">\n        <div class=\"row\">\n          <div class=\"col-lg-12\">\n\n            <div class=\"knsl-center knsl-title-frame title-pos-top\">\n                            <h1 class=\"knsl-title--h knsl-mb-20 knsl-h1-inner\">\n                <span >\n                    O hotelu                <\/span>\n              <\/h1>\n                                          <p class=\"knsl-text knsl-mb-30\">\n                <span >\n                    O\u015brodek powsta\u0142y w\u015br\u00f3d drzew oliwnych                <\/span>\n              <\/p>\n              \n              <ul class=\"knsl-breadcrumbs\"><li><a href=\"https:\/\/chrysielaia.com\/pl\/\" title=\"chrysielaia.com\">Home<\/a><\/li><li class=\"tst-active\"><a><\/a><\/li><\/ul>\n            <\/div>\n\n          <\/div>\n        <\/div>\n      <\/div>\n    <\/section>\n    <!-- banner end -->\n\n\t\t\t\t\t\t<\/div>\n\t\t\t\t<\/div>\n\t\t\t\t<\/div>\n\t\t<div class=\"elementor-element elementor-element-5478c7b e-flex e-con-boxed e-con e-parent\" data-id=\"5478c7b\" data-element_type=\"container\">\n\t\t\t\t\t<div class=\"e-con-inner\">\n\t\t<div class=\"elementor-element elementor-element-f982d89 e-con-full e-flex e-con e-child\" data-id=\"f982d89\" data-element_type=\"container\">\n\t\t\t\t<div class=\"elementor-element elementor-element-5d1d6e1 elementor-widget elementor-widget-heading\" data-id=\"5d1d6e1\" data-element_type=\"widget\" data-widget_type=\"heading.default\">\n\t\t\t\t\t<div class=\"elementor-heading-title elementor-size-default\">Witamy w 4-gwiazdkowym hotelu Chrysi Elaia<\/div>\t\t\t\t<\/div>\n\t\t\t\t<\/div>\n\t\t<div class=\"elementor-element elementor-element-ba5a0e3 e-con-full e-flex e-con e-child\" data-id=\"ba5a0e3\" data-element_type=\"container\">\n\t\t<div class=\"elementor-element elementor-element-4bdd255 e-con-full e-flex e-con e-child\" data-id=\"4bdd255\" data-element_type=\"container\">\n\t\t\t\t<div class=\"elementor-element elementor-element-cda2867 elementor-widget elementor-widget-heading\" data-id=\"cda2867\" data-element_type=\"widget\" data-widget_type=\"heading.default\">\n\t\t\t\t\t<h2 class=\"elementor-heading-title elementor-size-default\">Czysta Krete\u0144ska B\u0142ogo\u015b\u0107, Zakorzeniona w Oliwkowym Spokoju<\/h2>\t\t\t\t<\/div>\n\t\t\t\t<\/div>\n\t\t<div class=\"elementor-element elementor-element-d25918a e-con-full e-flex e-con e-child\" data-id=\"d25918a\" data-element_type=\"container\">\n\t\t\t\t<div class=\"elementor-element elementor-element-96c1191 elementor-widget__width-initial elementor-widget elementor-widget-text-editor\" data-id=\"96c1191\" data-element_type=\"widget\" data-widget_type=\"text-editor.default\">\n\t\t\t\t\t\t\t\t\t<p class=\"p1\">Chrysi Elaia Resort to historia Krety opowiedziana na nowo \u2014 subtelnie, elegancko i z g\u0142\u0119bokim szacunkiem dla natury. Nasza filozofia polega na harmonijnym po\u0142\u0105czeniu krete\u0144skiej tradycji z nowoczesnym komfortem, gdzie autentyczno\u015b\u0107 spotyka si\u0119 z designem, a spok\u00f3j \u0142\u0105czy si\u0119 z wyrafinowanymi detalami.<\/p><p class=\"p1\">O\u015brodek zosta\u0142 utworzony na 16 akrach ziemi w Georgioupoli \u2014 10 akr\u00f3w w strefie rozwoju i 6 akr\u00f3w w chronionej strefie Natura, bezpo\u015brednio nad morzem. To tutaj, w\u015br\u00f3d drzew oliwnych, znajd\u0105 Pa\u0144stwo esencj\u0119 Krety: prostot\u0119, naturalne pi\u0119kno i ponadczasow\u0105 elegancj\u0119.<\/p><p class=\"p1\">Chrysi Elaia Resort to hotel zaprojektowany dla tych, kt\u00f3rzy szukaj\u0105 czego\u015b wi\u0119cej ni\u017c tylko wakacji \u2014 szukaj\u0105 do\u015bwiadczenia, kt\u00f3re pozostanie w pami\u0119ci.<\/p>\t\t\t\t\t\t\t\t<\/div>\n\t\t\t\t<\/div>\n\t\t\t\t<\/div>\n\t\t<div class=\"elementor-element elementor-element-0819849 e-con-full e-flex e-con e-child\" data-id=\"0819849\" data-element_type=\"container\">\n\t\t\t\t<div class=\"elementor-element elementor-element-3951952 elementor-widget elementor-widget-kinsley-about-gallery\" data-id=\"3951952\" data-element_type=\"widget\" data-widget_type=\"kinsley-about-gallery.default\">\n\t\t\t\t<div class=\"elementor-widget-container\">\n\t\t\t\t\t\n\t\t<!-- gallery -->\n\t  <section class=\"knsl-transition-none knsl-p-0-100\">\n    \t\t\t\t\t\n\t\t\n\t\t        <div class=\"row align-items-center\">\n          \n                    <div class=\"col-lg-12 knsl-about-slider-fully\">\n\n            <!-- slider -->\n            <div class=\"swiper-container knsl-about-slider knsl-scroll-animation\">\n              <div class=\"swiper-wrapper\">\n                                <div class=\"swiper-slide\">\n\n                  <!-- gallery item -->\n                  <div class=\"knsl-image-frame\">\n                  \t                    \t\t\t\t\t<a data-elementor-lightbox-slideshow=\"about-gallery-3951952\" data-elementor-lightbox-title=\"\" href=\"https:\/\/chrysielaia.com\/wp-content\/uploads\/2026\/01\/render-1-3-2-1920x1280.jpg\">\n\t\t\t\t\t                      <img decoding=\"async\" src=\"https:\/\/chrysielaia.com\/wp-content\/uploads\/2026\/01\/render-1-3-2-1920x1280.jpg\" alt=\"\" \/>\n                                            <span class=\"knsl-zoom\"><i class=\"fas fa-search-plus\"><\/i><\/span>\n                    <\/a>\n                                      <\/div>\n                  <!-- gallery item end -->\n\n                <\/div>\n                                <div class=\"swiper-slide\">\n\n                  <!-- gallery item -->\n                  <div class=\"knsl-image-frame\">\n                  \t                    \t\t\t\t\t<a data-elementor-lightbox-slideshow=\"about-gallery-3951952\" data-elementor-lightbox-title=\"\" href=\"https:\/\/chrysielaia.com\/wp-content\/uploads\/2026\/01\/Scene-18-1920x1219.jpg\">\n\t\t\t\t\t                      <img decoding=\"async\" src=\"https:\/\/chrysielaia.com\/wp-content\/uploads\/2026\/01\/Scene-18-1920x1219.jpg\" alt=\"\" \/>\n                                            <span class=\"knsl-zoom\"><i class=\"fas fa-search-plus\"><\/i><\/span>\n                    <\/a>\n                                      <\/div>\n                  <!-- gallery item end -->\n\n                <\/div>\n                                <div class=\"swiper-slide\">\n\n                  <!-- gallery item -->\n                  <div class=\"knsl-image-frame\">\n                  \t                    \t\t\t\t\t<a data-elementor-lightbox-slideshow=\"about-gallery-3951952\" data-elementor-lightbox-title=\"\" href=\"https:\/\/chrysielaia.com\/wp-content\/uploads\/2026\/01\/res8-2-1920x1218.jpg\">\n\t\t\t\t\t                      <img decoding=\"async\" src=\"https:\/\/chrysielaia.com\/wp-content\/uploads\/2026\/01\/res8-2-1920x1218.jpg\" alt=\"\" \/>\n                                            <span class=\"knsl-zoom\"><i class=\"fas fa-search-plus\"><\/i><\/span>\n                    <\/a>\n                                      <\/div>\n                  <!-- gallery item end -->\n\n                <\/div>\n                                <div class=\"swiper-slide\">\n\n                  <!-- gallery item -->\n                  <div class=\"knsl-image-frame\">\n                  \t                    \t\t\t\t\t<a data-elementor-lightbox-slideshow=\"about-gallery-3951952\" data-elementor-lightbox-title=\"\" href=\"https:\/\/chrysielaia.com\/wp-content\/uploads\/2026\/01\/r1-1920x1219.jpg\">\n\t\t\t\t\t                      <img decoding=\"async\" src=\"https:\/\/chrysielaia.com\/wp-content\/uploads\/2026\/01\/r1-1920x1219.jpg\" alt=\"\" \/>\n                                            <span class=\"knsl-zoom\"><i class=\"fas fa-search-plus\"><\/i><\/span>\n                    <\/a>\n                                      <\/div>\n                  <!-- gallery item end -->\n\n                <\/div>\n                                <div class=\"swiper-slide\">\n\n                  <!-- gallery item -->\n                  <div class=\"knsl-image-frame\">\n                  \t                    \t\t\t\t\t<a data-elementor-lightbox-slideshow=\"about-gallery-3951952\" data-elementor-lightbox-title=\"\" href=\"https:\/\/chrysielaia.com\/wp-content\/uploads\/2026\/01\/5-2-1920x1219.jpg\">\n\t\t\t\t\t                      <img decoding=\"async\" src=\"https:\/\/chrysielaia.com\/wp-content\/uploads\/2026\/01\/5-2-1920x1219.jpg\" alt=\"\" \/>\n                                            <span class=\"knsl-zoom\"><i class=\"fas fa-search-plus\"><\/i><\/span>\n                    <\/a>\n                                      <\/div>\n                  <!-- gallery item end -->\n\n                <\/div>\n                              <\/div>\n\n              <!-- slider navigation -->\n              <div class=\"knsl-slider-nav-panel\">\n                <!-- pagination -->\n                <div class=\"knsl-about-slider-1-pagination\"><\/div>\n                <!-- navigation -->\n                <div class=\"knsl-about-slider-nav\">\n                  <div class=\"knsl-about-slider-1-prev\"><i class=\"fas fa-arrow-left\"><\/i><\/div>\n                  <div class=\"knsl-about-slider-1-next\"><i class=\"fas fa-arrow-right\"><\/i><\/div>\n                <\/div>\n                <!-- navigation end -->\n              <\/div>\n              <!-- slider navigation end -->\n\n            <\/div>\n            <!-- slider end -->\n\n          <\/div>\n          \n        <\/div>\n\t\t\n    <\/section>\n    <!-- gallery end -->\n\n\t\t\t\t\t\t<\/div>\n\t\t\t\t<\/div>\n\t\t\t\t<\/div>\n\t\t\t\t\t<\/div>\n\t\t\t\t<\/div>\n\t\t<div class=\"elementor-element elementor-element-a9e1831 e-flex e-con-boxed e-con e-parent\" data-id=\"a9e1831\" data-element_type=\"container\">\n\t\t\t\t\t<div class=\"e-con-inner\">\n\t\t<div class=\"elementor-element elementor-element-39cb6b8 e-con-full e-flex e-con e-child\" data-id=\"39cb6b8\" data-element_type=\"container\">\n\t\t<div class=\"elementor-element elementor-element-e98da40 e-con-full e-flex e-con e-child\" data-id=\"e98da40\" data-element_type=\"container\">\n\t\t\t\t<div class=\"elementor-element elementor-element-41a400c elementor-widget elementor-widget-image\" data-id=\"41a400c\" data-element_type=\"widget\" data-widget_type=\"image.default\">\n\t\t\t\t\t\t\t\t\t\t\t\t\t\t\t<img decoding=\"async\" width=\"900\" height=\"11\" src=\"https:\/\/chrysielaia.com\/wp-content\/uploads\/2026\/04\/CHRYSI-ELAIA-RESORT-PATTERN-1-ROW-AAA37E-1024x13.png\" class=\"attachment-large size-large wp-image-9857\" alt=\"\" srcset=\"https:\/\/chrysielaia.com\/wp-content\/uploads\/2026\/04\/CHRYSI-ELAIA-RESORT-PATTERN-1-ROW-AAA37E-1024x13.png 1024w, https:\/\/chrysielaia.com\/wp-content\/uploads\/2026\/04\/CHRYSI-ELAIA-RESORT-PATTERN-1-ROW-AAA37E-300x4.png 300w, https:\/\/chrysielaia.com\/wp-content\/uploads\/2026\/04\/CHRYSI-ELAIA-RESORT-PATTERN-1-ROW-AAA37E-768x10.png 768w, https:\/\/chrysielaia.com\/wp-content\/uploads\/2026\/04\/CHRYSI-ELAIA-RESORT-PATTERN-1-ROW-AAA37E-1536x19.png 1536w, https:\/\/chrysielaia.com\/wp-content\/uploads\/2026\/04\/CHRYSI-ELAIA-RESORT-PATTERN-1-ROW-AAA37E-2048x26.png 2048w, https:\/\/chrysielaia.com\/wp-content\/uploads\/2026\/04\/CHRYSI-ELAIA-RESORT-PATTERN-1-ROW-AAA37E-950x12.png 950w, https:\/\/chrysielaia.com\/wp-content\/uploads\/2026\/04\/CHRYSI-ELAIA-RESORT-PATTERN-1-ROW-AAA37E-1920x24.png 1920w, https:\/\/chrysielaia.com\/wp-content\/uploads\/2026\/04\/CHRYSI-ELAIA-RESORT-PATTERN-1-ROW-AAA37E-800x10.png 800w\" sizes=\"(max-width: 900px) 100vw, 900px\" \/>\t\t\t\t\t\t\t\t\t\t\t\t\t\t\t<\/div>\n\t\t\t\t<\/div>\n\t\t\t\t<div class=\"elementor-element elementor-element-85e9a2e elementor-widget__width-initial elementor-widget elementor-widget-text-editor\" data-id=\"85e9a2e\" data-element_type=\"widget\" data-widget_type=\"text-editor.default\">\n\t\t\t\t\t\t\t\t\t<p class=\"p1\">Logo Chrysi Elaia Resort nie jest jedynie znakiem graficznym. To opowie\u015b\u0107 o miejscu, kt\u00f3re powsta\u0142o z mi\u0142o\u015bci do krete\u0144skiej ziemi. <\/p><p class=\"p1\">Li\u015bcie oliwne symbolizuj\u0105 \u015bcie\u017ck\u0119 wyznaczan\u0105 przez natur\u0119. Oliwki \u2014 owoce dojrzewaj\u0105ce w s\u0142o\u0144cu Krety \u2014 odwo\u0142uj\u0105 si\u0119 do bogactwa wyspy i jej autentycznego charakteru. Geometryczny uk\u0142ad przywodzi na my\u015bl tradycyjne hafty, kt\u00f3re od pokole\u0144 zdobi\u0105 stroje mieszka\u0144c\u00f3w Krety.  <\/p><p class=\"p2\">To logo \u0142\u0105czy przesz\u0142o\u015b\u0107 z tera\u017aniejszo\u015bci\u0105, tradycj\u0119 z nowoczesno\u015bci\u0105, spok\u00f3j z elegancj\u0105. Jest obietnic\u0105 miejsca, w kt\u00f3rym ka\u017cdy go\u015b\u0107 odnajdzie r\u00f3wnowag\u0119, pi\u0119kno i prawdziw\u0105 krete\u0144sk\u0105 go\u015bcinno\u015b\u0107. <\/p>\t\t\t\t\t\t\t\t<\/div>\n\t\t<div class=\"elementor-element elementor-element-a731ded e-con-full e-flex e-con e-child\" data-id=\"a731ded\" data-element_type=\"container\">\n\t\t\t\t<div class=\"elementor-element elementor-element-73886de elementor-widget elementor-widget-image\" data-id=\"73886de\" data-element_type=\"widget\" data-widget_type=\"image.default\">\n\t\t\t\t\t\t\t\t\t\t\t\t\t\t\t<img decoding=\"async\" width=\"900\" height=\"11\" src=\"https:\/\/chrysielaia.com\/wp-content\/uploads\/2026\/04\/CHRYSI-ELAIA-RESORT-PATTERN-1-ROW-AAA37E-1024x13.png\" class=\"attachment-large size-large wp-image-9857\" alt=\"\" srcset=\"https:\/\/chrysielaia.com\/wp-content\/uploads\/2026\/04\/CHRYSI-ELAIA-RESORT-PATTERN-1-ROW-AAA37E-1024x13.png 1024w, https:\/\/chrysielaia.com\/wp-content\/uploads\/2026\/04\/CHRYSI-ELAIA-RESORT-PATTERN-1-ROW-AAA37E-300x4.png 300w, https:\/\/chrysielaia.com\/wp-content\/uploads\/2026\/04\/CHRYSI-ELAIA-RESORT-PATTERN-1-ROW-AAA37E-768x10.png 768w, https:\/\/chrysielaia.com\/wp-content\/uploads\/2026\/04\/CHRYSI-ELAIA-RESORT-PATTERN-1-ROW-AAA37E-1536x19.png 1536w, https:\/\/chrysielaia.com\/wp-content\/uploads\/2026\/04\/CHRYSI-ELAIA-RESORT-PATTERN-1-ROW-AAA37E-2048x26.png 2048w, https:\/\/chrysielaia.com\/wp-content\/uploads\/2026\/04\/CHRYSI-ELAIA-RESORT-PATTERN-1-ROW-AAA37E-950x12.png 950w, https:\/\/chrysielaia.com\/wp-content\/uploads\/2026\/04\/CHRYSI-ELAIA-RESORT-PATTERN-1-ROW-AAA37E-1920x24.png 1920w, https:\/\/chrysielaia.com\/wp-content\/uploads\/2026\/04\/CHRYSI-ELAIA-RESORT-PATTERN-1-ROW-AAA37E-800x10.png 800w\" sizes=\"(max-width: 900px) 100vw, 900px\" \/>\t\t\t\t\t\t\t\t\t\t\t\t\t\t\t<\/div>\n\t\t\t\t<\/div>\n\t\t\t\t<\/div>\n\t\t\t\t\t<\/div>\n\t\t\t\t<\/div>\n\t\t<div class=\"elementor-element elementor-element-4738a691 e-flex e-con-boxed e-con e-parent\" data-id=\"4738a691\" data-element_type=\"container\">\n\t\t\t\t\t<div class=\"e-con-inner\">\n\t\t<div class=\"elementor-element elementor-element-23743284 e-con-full e-flex e-con e-child\" data-id=\"23743284\" data-element_type=\"container\">\n\t\t\t\t<div class=\"elementor-element elementor-element-75cbd4b elementor-widget elementor-widget-heading\" data-id=\"75cbd4b\" data-element_type=\"widget\" data-widget_type=\"heading.default\">\n\t\t\t\t\t<div class=\"elementor-heading-title elementor-size-default\">Nasz Newsletter<\/div>\t\t\t\t<\/div>\n\t\t\t\t<\/div>\n\t\t<div class=\"elementor-element elementor-element-2a19b275 e-con-full e-flex e-con e-child\" data-id=\"2a19b275\" data-element_type=\"container\">\n\t\t<div class=\"elementor-element elementor-element-464bfadb e-con-full e-flex e-con e-child\" data-id=\"464bfadb\" data-element_type=\"container\">\n\t\t\t\t<div class=\"elementor-element elementor-element-5c0a6033 elementor-widget elementor-widget-heading\" data-id=\"5c0a6033\" data-element_type=\"widget\" data-widget_type=\"heading.default\">\n\t\t\t\t\t<h2 class=\"elementor-heading-title elementor-size-default\">Aktualno\u015bci \/ Wydarzenia<\/h2>\t\t\t\t<\/div>\n\t\t\t\t<\/div>\n\t\t<div class=\"elementor-element elementor-element-382fabed elementor-hidden-mobile e-con-full e-flex e-con e-child\" data-id=\"382fabed\" data-element_type=\"container\">\n\t\t\t\t<div class=\"elementor-element elementor-element-4744617f elementor-widget elementor-widget-kinsley-buttons\" data-id=\"4744617f\" data-element_type=\"widget\" data-widget_type=\"kinsley-buttons.default\">\n\t\t\t\t<div class=\"elementor-widget-container\">\n\t\t\t\t\t\n        <!-- action button -->\n        <a  href=\"https:\/\/dev.chrysielaia.com\/pl\/blog\/\" class=\"knsl-btn knsl-btn-md\">\n                        <span >\n            Ca\u0142y Blog            <\/span>\n        <\/a>\n        <!-- action button end -->\n\n\t\t\t\t\t\t<\/div>\n\t\t\t\t<\/div>\n\t\t\t\t<\/div>\n\t\t\t\t<\/div>\n\t\t\t\t<div class=\"elementor-element elementor-element-606bf4c0 elementor-widget elementor-widget-kinsley-blog-grid\" data-id=\"606bf4c0\" data-element_type=\"widget\" data-widget_type=\"kinsley-blog-grid.default\">\n\t\t\t\t<div class=\"elementor-widget-container\">\n\t\t\t\t\t\n\t<!-- blog -->\n\t<section class=\"knsl-transition-none knsl-p-0-80\">\n\t\t\t\t\t\t\n\t\t\n\t    <div class=\"container\">\t\t\t<div class=\"row  attr-categories-false attr-readmore-false\">\n\t\t\t\t\n\t\t\t\t\t\t\t\t\t\t\t\t<div class=\"col-md-6 col-lg-4\">\n\n\t\t\t\t\t\n\n\n<!-- blog card -->\n<div class=\"knsl-blog-card\">\n  <div id=\"post-9521\" class=\"post-9521 post type-post status-publish format-standard has-post-thumbnail hentry category-bez-kategorii\">\n    <div class=\"knsl-cover-frame\">\n    <a href=\"https:\/\/chrysielaia.com\/pl\/2026\/01\/09\/chrysi-elaia-resort-otwiera-sie-w-maju-2027-roku\/\">\n    \t    \t<img decoding=\"async\" src=\"https:\/\/chrysielaia.com\/wp-content\/uploads\/2026\/02\/Scene-22-950x603.jpg\" alt=\"Chrysi Elaia Resort otwiera si\u0119 w maju 2027 roku\" \/>\n    \t    <\/a>\n\t\t<div class=\"knsl-badge\">\n\t\t\tBez kategorii\t\t<\/div>\n  <\/div>\n    <div class=\"knsl-description-frame\">\n    <div class=\"knsl-room-features\">\n      <div class=\"knsl-feature knsl-feature-author\">\n                <div class=\"knsl-icon-frame knsl-icon-author\"><img decoding=\"async\" src=\"https:\/\/secure.gravatar.com\/avatar\/b6185180024f9308ce06975df429b926d473c7f2d44c38de7c130f2ca62bc6c5?s=96&#038;d=mm&#038;r=g\" alt=\"chrysi_admin\" \/><\/div>\n                <span>chrysi_admin<\/span>\n      <\/div>\n\n      \t  \t<div class=\"knsl-feature knsl-feature-date\">\n        <div class=\"knsl-icon-frame\"><span class=\"img-svg img-svg-time\"><\/span><\/div>\n        <span>9 stycznia, 2026<\/span>\n      <\/div>\n\t  \t    <\/div>\n    <a href=\"https:\/\/chrysielaia.com\/pl\/2026\/01\/09\/chrysi-elaia-resort-otwiera-sie-w-maju-2027-roku\/\" class=\"knsl-title\">\n      <h4 class=\"knsl-mb-20\">Chrysi Elaia Resort otwiera si\u0119 w maju 2027 roku<\/h4>\n    <\/a>\n    <div class=\"knsl-text-light knsl-text-sm\">\n    \t<p>Nowy rozdzia\u0142 czystej krete\u0144skiej b\u0142ogo\u015bci Z rado\u015bci\u0105 og\u0142aszamy, \u017ce Chrysi Elaia Resort, zupe\u0142nie nowy&#8230; <span class=\"knsl-el-more\"><a href=\"https:\/\/chrysielaia.com\/pl\/2026\/01\/09\/chrysi-elaia-resort-otwiera-sie-w-maju-2027-roku\/\" class=\"knsl-btn\">Read more<span class=\"screen-reader-text\">Read more&nbsp;Chrysi Elaia Resort otwiera si\u0119 w maju 2027 roku<\/span><\/a><\/span><\/p>\n    <\/div>\n  <\/div>\n  <\/div>\n<\/div>\n<!-- blog card end -->\n\n\n\t\t\t\t<\/div>\n\t\t\t\t\n\t      \t\t\n\t\t\t\t\t    \t\t\n\t    \t<\/div>\n\t\t<\/div>\t<\/section>\n\t<!-- blog end -->\n\n\t\t\t\t\t\t<\/div>\n\t\t\t\t<\/div>\n\t\t\t\t\t<\/div>\n\t\t\t\t<\/div>\n\t\t\t\t<\/div>\n\t\t","protected":false},"excerpt":{"rendered":"<p>O hotelu O\u015brodek powsta\u0142y w\u015br\u00f3d drzew oliwnych Home Witamy w 4-gwiazdkowym hotelu Chrysi Elaia&#8230; <span class=\"knsl-el-more\"><a href=\"https:\/\/chrysielaia.com\/pl\/2026\/01\/09\/chrysi-elaia-resort-otwiera-sie-w-maju-2027-roku\/\" class=\"knsl-btn\">Read more<span class=\"screen-reader-text\">Read more&nbsp;Chrysi Elaia Resort otwiera si\u0119 w maju 2027 roku<\/span><\/a><\/span><\/p>\n","protected":false},"author":1,"featured_media":0,"parent":0,"menu_order":0,"comment_status":"closed","ping_status":"closed","template":"template-layout-builder.php","meta":{"_acf_changed":false,"om_disable_all_campaigns":false,"inline_featured_image":false,"_monsterinsights_skip_tracking":false,"_monsterinsights_sitenote_active":false,"_monsterinsights_sitenote_note":"","_monsterinsights_sitenote_category":0,"footnotes":""},"class_list":["post-9396","page","type-page","status-publish","hentry"],"acf":[],"aioseo_notices":[],"_links":{"self":[{"href":"https:\/\/chrysielaia.com\/pl\/wp-json\/wp\/v2\/pages\/9396","targetHints":{"allow":["GET"]}}],"collection":[{"href":"https:\/\/chrysielaia.com\/pl\/wp-json\/wp\/v2\/pages"}],"about":[{"href":"https:\/\/chrysielaia.com\/pl\/wp-json\/wp\/v2\/types\/page"}],"author":[{"embeddable":true,"href":"https:\/\/chrysielaia.com\/pl\/wp-json\/wp\/v2\/users\/1"}],"replies":[{"embeddable":true,"href":"https:\/\/chrysielaia.com\/pl\/wp-json\/wp\/v2\/comments?post=9396"}],"version-history":[{"count":5,"href":"https:\/\/chrysielaia.com\/pl\/wp-json\/wp\/v2\/pages\/9396\/revisions"}],"predecessor-version":[{"id":9902,"href":"https:\/\/chrysielaia.com\/pl\/wp-json\/wp\/v2\/pages\/9396\/revisions\/9902"}],"wp:attachment":[{"href":"https:\/\/chrysielaia.com\/pl\/wp-json\/wp\/v2\/media?parent=9396"}],"curies":[{"name":"wp","href":"https:\/\/api.w.org\/{rel}","templated":true}]}}